{"id":2,"date":"2023-03-30T11:57:11","date_gmt":"2023-03-30T11:57:11","guid":{"rendered":"https:\/\/www.spherica.es\/?page_id=2"},"modified":"2023-07-07T12:23:09","modified_gmt":"2023-07-07T10:23:09","slug":"pagina-ejemplo","status":"publish","type":"page","link":"https:\/\/www.spherica.es\/","title":{"rendered":"SPHERICA IMPULSO EMPRESARIAL"},"content":{"rendered":"<p style=\"margin-bottom: 0px;\"><img loading=\"lazy\" decoding=\"async\" class=\" wp-image-26 aligncenter\" src=\"https:\/\/www.spherica.es\/wp-content\/uploads\/2023\/07\/isotipo-color-normal-300x293.png\" alt=\"\" width=\"58\" height=\"56\" srcset=\"https:\/\/www.spherica.es\/wp-content\/uploads\/2023\/07\/isotipo-color-normal-300x293.png 300w, https:\/\/www.spherica.es\/wp-content\/uploads\/2023\/07\/isotipo-color-normal-1024x1001.png 1024w, https:\/\/www.spherica.es\/wp-content\/uploads\/2023\/07\/isotipo-color-normal-768x751.png 768w, https:\/\/www.spherica.es\/wp-content\/uploads\/2023\/07\/isotipo-color-normal-1536x1501.png 1536w, https:\/\/www.spherica.es\/wp-content\/uploads\/2023\/07\/isotipo-color-normal-2048x2002.png 2048w, https:\/\/www.spherica.es\/wp-content\/uploads\/2023\/07\/isotipo-color-normal-1568x1533.png 1568w\" sizes=\"auto, (max-width: 58px) 100vw, 58px\" \/><\/p>\n<p style=\"text-align: center; font-family: montserrat; font-size: 19px; font-weight: 400; letter-spacing: 0.5px; color: #0099cc; margin-top: 0px; margin-bottom: 10px;\">SPHERICA IMPULSO EMPRESARIAL<\/p>\n<hr style=\"margin-top: 5px; border: 1px solid #0099cc; width: 90%;\" \/>\n<div style=\"width: 100%;\">\n<div style=\"width: 50%; float: left;\">\n<p class=\"tindex\" style=\"text-align: center; font-family: 'Oswald', sans-serif; font-size: 18px; font-weight: 400; letter-spacing: 1px; color: #dd2400; line-height: 21px;\">OPTIMIZAMOS TU PRODUCTIVIDAD<\/p>\n<p><img loading=\"lazy\" decoding=\"async\" class=\" wp-image-26 aligncenter\" style=\"width: 55px; margin-top: 10px;\" src=\"https:\/\/www.spherica.es\/wp-content\/uploads\/2023\/07\/conexion-1.png\" alt=\"\" width=\"94\" height=\"92\" \/><\/p>\n<p class=\"pindex\" style=\"text-align: center; font-size: 15px; font-weight: 500; color: #717070; margin-top: 10px; letter-spacing: 0.5px; font-family: montserrat !important; padding-left: 80px; padding-right: 80px;\">Reducir\u00e1s tus costes, eliminar\u00e1s recursos innecesarios. Llevar\u00e1s tu competitividad al l\u00edmite.<\/p>\n<\/div>\n<div style=\"width: 50%; float: right;\">\n<p class=\"tindex\" style=\"text-align: center; font-family: oswald; font-size: 18px; font-weight: 400; letter-spacing: 1px; color: #30ae66; line-height: 21px;\">ACELERAMOS TUS VENTAS<\/p>\n<p><img loading=\"lazy\" decoding=\"async\" class=\" wp-image-26 aligncenter\" style=\"width: 55px; margin-top: 10px;\" src=\"https:\/\/www.spherica.es\/wp-content\/uploads\/2023\/07\/diagrama-3.png\" alt=\"\" width=\"94\" height=\"92\" \/><\/p>\n<p class=\"pindex\" style=\"text-align: center; font-size: 15px; font-weight: 500; color: #717070; margin-top: 10px; letter-spacing: 0.5px; font-family: montserrat !important; padding-left: 80px; padding-right: 80px;\">Conseguir\u00e1s muchos m\u00e1s clientes, ampliar\u00e1s cuota de mercado. Elevar\u00e1s tu facturaci\u00f3n exponencialmente.<\/p>\n<hr style=\"border: 1px solid #ffffff;\" \/>\n<\/div>\n<\/div>\n<div class=\"pcombinacion\" style=\"width: 100%;\">\n<p>&nbsp;<\/p>\n<p style=\"font-size: 16px; font-family: montserrat; font-weight: 500; color: #0099cc; letter-spacing: 0.5px; margin-top: 10px; margin-bottom: 0px; text-transform: uppercase; text-align: center;\">LA COMBINACI\u00d3N DE AMBAS ACCIONES INCREMENTAR\u00c1N TUS BENEFICIOS ASOMBROSAMENTE.<\/p>\n<\/div>\n<div class=\"barra\" style=\"width: 100%; background-color: #0099cc; padding: 15px;\">\n<p style=\"text-align: center; font-family: oswald; font-size: 23px; font-weight: 600; letter-spacing: 1px; color: #ffffff; margin-bottom: 0px; line-height: 25px;\">TE SORPRENDER\u00c1 LEER ESTO<\/p>\n<p style=\"text-align: center; font-size: 16px; font-family: montserrat; font-weight: 500; color: #ffffff; letter-spacing: 0.5px; margin-top: 10px;\">\u00bfPor qu\u00e9 hemos decidido desactivar nuestra web y toda nuestra comunicaci\u00f3n online?<\/p>\n<\/div>\n<p style=\"font-size: 16px; font-family: montserrat; font-weight: 500; color: #0099cc; letter-spacing: 0.5px; margin-top: 10px; margin-bottom: 0px; text-transform: uppercase; text-align: center;\">LA CAUSA SOIS VOSOTROS, LOS CLIENTES.<\/p>\n<p style=\"font-size: 15px; font-weight: 400; color: #717070; margin-top: 10px; width: 90%; letter-spacing: 0.5px; font-family: montserrat !important; text-align: center;\">Somos demasiado diferentes y aportamos un <strong>valor a\u00f1adido demasiado grande<\/strong> a nuestros clientes como para entrar en guerra de precios, no ser valorados y <strong>andar con miseria<\/strong>. S\u00ed, has le\u00eddo bien la palabra, miseria.<br \/>\nSalvo excepciones, es el ambiente generalizado en el <strong>tejido empresarial espa\u00f1ol<\/strong> a la hora de invertir en tecnolog\u00edas TIC, desarrollo software y marketing online.<\/p>\n<p style=\"font-size: 15px; font-weight: 600; color: #717070; margin-top: 10px; width: 90%; letter-spacing: 0.5px; font-family: montserrat !important; text-align: center; margin-bottom: 10px;\">REINVENTAR EL MODELO DE NEGOCIO<\/p>\n<p style=\"font-size: 15px; font-weight: 400; color: #717070; margin-top: 10px; width: 90%; letter-spacing: 0.5px; font-family: montserrat !important; text-align: center;\">Ha llegado el momento de aprender de los errores y <strong>empezar de nuevo<\/strong> con muchas <strong>ganas e ilusi\u00f3n<\/strong>. Reestructuraremos todo para enfocarnos \u00fanicamente en <strong>empresas con mentalidad de \u00e9xito y riqueza.<\/strong><\/p>\n<p style=\"text-align: center; font-family: oswald; font-size: 21px; font-weight: 400; letter-spacing: 1px; color: #0099cc; margin-bottom: 0px; line-height: 27px;\">MIENTRAS TANTO, \u00bfTE PICA LA CURIOSIDAD?<\/p>\n<p style=\"font-size: 15px; font-weight: 400; color: #717070; margin-top: 10px; width: 90%; letter-spacing: 0.5px; font-family: montserrat !important; text-align: center; margin-bottom: 0px;\">D\u00e9janos tus datos e informaci\u00f3n de tu empresa o proyecto, tus necesidades, plan de futuro o lo que estimes oportuno. Lo evaluaremos y si encaja en el perfil nos pondremos en contacto.<\/p>\n<div class=\"formspherica\" style=\"width: 50%; margin-top: 15px;\">\n<div class=\"wpcf7 no-js\" id=\"wpcf7-f21-o1\" lang=\"es-ES\" dir=\"ltr\">\n<div class=\"screen-reader-response\"><p role=\"status\" aria-live=\"polite\" aria-atomic=\"true\"><\/p> <ul><\/ul><\/div>\n<form action=\"\/index.php?rest_route=%2Fwp%2Fv2%2Fpages%2F2#wpcf7-f21-o1\" method=\"post\" class=\"wpcf7-form init\" aria-label=\"Formulario de contacto\" novalidate=\"novalidate\" data-status=\"init\">\n<div style=\"display: none;\">\n<input type=\"hidden\" name=\"_wpcf7\" value=\"21\" \/>\n<input type=\"hidden\" name=\"_wpcf7_version\" value=\"5.7.7\" \/>\n<input type=\"hidden\" name=\"_wpcf7_locale\" value=\"es_ES\" \/>\n<input type=\"hidden\" name=\"_wpcf7_unit_tag\" value=\"wpcf7-f21-o1\" \/>\n<input type=\"hidden\" name=\"_wpcf7_container_post\" value=\"0\" \/>\n<input type=\"hidden\" name=\"_wpcf7_posted_data_hash\" value=\"\" \/>\n<input type=\"hidden\" name=\"_wpcf7_recaptcha_response\" value=\"\" \/>\n<\/div>\n<p><label> *Nombre y apellidos<br \/>\n<span class=\"wpcf7-form-control-wrap\" data-name=\"your-name\"><input size=\"40\" class=\"wpcf7-form-control wpcf7-text wpcf7-validates-as-required\" autocomplete=\"name\" aria-required=\"true\" aria-invalid=\"false\" value=\"\" type=\"text\" name=\"your-name\" \/><\/span> <\/label>\n<\/p>\n<p><label> *Correo Electr\u00f3nico<br \/>\n<span class=\"wpcf7-form-control-wrap\" data-name=\"your-email\"><input size=\"40\" class=\"wpcf7-form-control wpcf7-text wpcf7-email wpcf7-validates-as-required wpcf7-validates-as-email\" autocomplete=\"email\" aria-required=\"true\" aria-invalid=\"false\" value=\"\" type=\"email\" name=\"your-email\" \/><\/span> <\/label>\n<\/p>\n<p><label> Tel\u00e9fono (no obligatorio pero s\u00ed importante)<br \/>\n<span class=\"wpcf7-form-control-wrap\" data-name=\"tel\"><input size=\"40\" class=\"wpcf7-form-control wpcf7-text wpcf7-tel wpcf7-validates-as-tel\" aria-invalid=\"false\" value=\"\" type=\"tel\" name=\"tel\" \/><\/span> <\/label>\n<\/p>\n<p><label> Web de tu empresa<br \/>\n<span class=\"wpcf7-form-control-wrap\" data-name=\"web-empresa\"><input size=\"40\" class=\"wpcf7-form-control wpcf7-text wpcf7-url wpcf7-validates-as-url\" aria-invalid=\"false\" value=\"\" type=\"url\" name=\"web-empresa\" \/><\/span><\/label>\n<\/p>\n<p><label> Expl\u00edcanos lo que necesitas<br \/>\n<span class=\"wpcf7-form-control-wrap\" data-name=\"your-message\"><textarea cols=\"40\" rows=\"10\" class=\"wpcf7-form-control wpcf7-textarea\" aria-invalid=\"false\" name=\"your-message\"><\/textarea><\/span> <\/label>\n<\/p>\n<p><span id=\"wpcf7-69f349f6a363f-wrapper\" class=\"wpcf7-form-control-wrap honeypot-50-wrap\" style=\"display:none !important; visibility:hidden !important;\"><label for=\"wpcf7-69f349f6a363f-field\" class=\"hp-message\">Por favor, deja este campo vac\u00edo.<\/label><input id=\"wpcf7-69f349f6a363f-field\"  class=\"wpcf7-form-control wpcf7-text\" type=\"text\" name=\"honeypot-50\" value=\"\" size=\"40\" tabindex=\"-1\" autocomplete=\"new-password\" \/><\/span>\n<\/p>\n<p><input class=\"wpcf7-form-control has-spinner wpcf7-submit\" type=\"submit\" value=\"ENVIAR\" \/>\n<\/p><p style=\"display: none !important;\"><label>&#916;<textarea name=\"_wpcf7_ak_hp_textarea\" cols=\"45\" rows=\"8\" maxlength=\"100\"><\/textarea><\/label><input type=\"hidden\" id=\"ak_js_1\" name=\"_wpcf7_ak_js\" value=\"197\"\/><script>document.getElementById( \"ak_js_1\" ).setAttribute( \"value\", ( new Date() ).getTime() );<\/script><\/p><div class=\"wpcf7-response-output\" aria-hidden=\"true\"><\/div>\n<\/form>\n<\/div>\n<\/div>\n","protected":false},"excerpt":{"rendered":"<p>SPHERICA IMPULSO EMPRESARIAL OPTIMIZAMOS TU PRODUCTIVIDAD Reducir\u00e1s tus costes, eliminar\u00e1s recursos innecesarios. Llevar\u00e1s tu competitividad al l\u00edmite. ACELERAMOS TUS VENTAS Conseguir\u00e1s muchos m\u00e1s clientes, ampliar\u00e1s cuota de mercado. Elevar\u00e1s tu facturaci\u00f3n exponencialmente. &nbsp; LA COMBINACI\u00d3N DE AMBAS ACCIONES INCREMENTAR\u00c1N TUS BENEFICIOS ASOMBROSAMENTE. TE SORPRENDER\u00c1 LEER ESTO \u00bfPor qu\u00e9 hemos decidido desactivar nuestra web y toda&hellip; <a class=\"more-link\" href=\"https:\/\/www.spherica.es\/\">Seguir leyendo <span class=\"screen-reader-text\">SPHERICA IMPULSO EMPRESARIAL<\/span><\/a><\/p>\n","protected":false},"author":1,"featured_media":0,"parent":0,"menu_order":0,"comment_status":"closed","ping_status":"open","template":"","meta":{"footnotes":""},"class_list":["post-2","page","type-page","status-publish","hentry","entry"],"_links":{"self":[{"href":"https:\/\/www.spherica.es\/index.php?rest_route=\/wp\/v2\/pages\/2","targetHints":{"allow":["GET"]}}],"collection":[{"href":"https:\/\/www.spherica.es\/index.php?rest_route=\/wp\/v2\/pages"}],"about":[{"href":"https:\/\/www.spherica.es\/index.php?rest_route=\/wp\/v2\/types\/page"}],"author":[{"embeddable":true,"href":"https:\/\/www.spherica.es\/index.php?rest_route=\/wp\/v2\/users\/1"}],"replies":[{"embeddable":true,"href":"https:\/\/www.spherica.es\/index.php?rest_route=%2Fwp%2Fv2%2Fcomments&post=2"}],"version-history":[{"count":98,"href":"https:\/\/www.spherica.es\/index.php?rest_route=\/wp\/v2\/pages\/2\/revisions"}],"predecessor-version":[{"id":127,"href":"https:\/\/www.spherica.es\/index.php?rest_route=\/wp\/v2\/pages\/2\/revisions\/127"}],"wp:attachment":[{"href":"https:\/\/www.spherica.es\/index.php?rest_route=%2Fwp%2Fv2%2Fmedia&parent=2"}],"curies":[{"name":"wp","href":"https:\/\/api.w.org\/{rel}","templated":true}]}}